{"id":99,"date":"2014-09-07T21:18:54","date_gmt":"2014-09-07T20:18:54","guid":{"rendered":"http:\/\/www.haibach-donau.at\/wp-volksschule3\/?page_id=99"},"modified":"2023-11-01T23:33:25","modified_gmt":"2023-11-01T22:33:25","slug":"klassen-und-schulforum","status":"publish","type":"page","link":"https:\/\/www.haibach-donau.at\/wp-volksschule3\/?page_id=99","title":{"rendered":"Klassen- und Schulforum"},"content":{"rendered":"<p>Um gute Schule zu verwirklichen und damit Qualit\u00e4t zu sichern, hat der Gesetzgeber dieses schulpartnerschaftliche Gremium geschaffen.<br \/>Eltern und Lehrer helfen zusammen zum Wohle der ihnen anvertrauten Kinder. Es kommt zu sachbezogenen Sitzungen, aber auch zu gemeinsam gestalteten Festen und Feiern.<br \/>Das Klassenforum setzt sich zusammen aus dem Klassenlehrer und den Eltern. Diese w\u00e4hlen einen Klassenelternvertreter.<\/p>\n<p>Das Schulforum besteht aus der Direktorin, den Klassenlehrerinnen und den Klassenelternvertreterinnen.<br \/>Klassen- und Schulforum sind zust\u00e4ndig f\u00fcr Entscheidungen bei z.B.:<br \/>\u2022 Planung von mehrt\u00e4gigen Schulveranstaltungen (Linzaktion)<br \/>\u2022 Erkl\u00e4rung einer Veranstaltung zu einer schulbezogenen Veranstaltung (Theaterfahrt)<br \/>Beratungskompetenz hat das Klassen- und Schulforum bei<br \/>\u2022 wichtigen Fragen des Unterrichts und der Wahl von Unterrichtsmitteln (neue Lehr- und Arbeitsformen wie Freiarbeit, Stationenbetrieb, soziales Lernen, Bewegung)<br \/>\u2022 der Verwendung von Budgetmitteln<br \/>\u2022 Bauma\u00dfnahmen im Bereich der Schule<br \/>F\u00fcr ein gutes Gelingen von Schulpartnerschaft sind Begegnung, Informationsaustausch und Zusammenarbeit von entscheidender Wichtigkeit. In unserer Kleinschule lassen sich diese Eckpunkte besonders gut verwirklichen.<\/p>\n<p>Elternvertreter\/Elternstellvertreter im Schuljahr 2023\/24:<\/p>\n<p>1.Klasse: Claudia Pecherstorfer, Sabrina Hofer<\/p>\n<p>2. Klasse: Bianca Wei\u00dfh\u00e4upl, Michaela Pl\u00f6ckinger<\/p>\n<p>3. Klasse: Lucia Berger\/Tanja Krexhammer<\/p>\n<p>4. Klasse: Christina Hinterh\u00f6lzl, Uli Baumann<\/p>\n<p>Elternvereinsobfrau Lydia Kehrer<\/p>\n<p>Nora Lechner\/Religionslehrerin<\/p>\n<p>Wir danken unseren Eltern f\u00fcr ihr Interesse, ihre Bereitschaft zur Mitarbeit und ihre Beitr\u00e4ge zum Schulleben und zum Schulklima.<\/p>\n\n\n<figure class=\"wp-block-image size-large\"><a href=\"http:\/\/www.haibach-donau.at\/wp-volksschule3\/wp-content\/uploads\/2023\/11\/DSC_4655-scaled.jpg\"><img loading=\"lazy\" decoding=\"async\" width=\"1024\" height=\"719\" src=\"http:\/\/www.haibach-donau.at\/wp-volksschule3\/wp-content\/uploads\/2023\/11\/DSC_4655-1024x719.jpg\" alt=\"\" class=\"wp-image-17767\" srcset=\"https:\/\/www.haibach-donau.at\/wp-volksschule3\/wp-content\/uploads\/2023\/11\/DSC_4655-1024x719.jpg 1024w, https:\/\/www.haibach-donau.at\/wp-volksschule3\/wp-content\/uploads\/2023\/11\/DSC_4655-300x211.jpg 300w, https:\/\/www.haibach-donau.at\/wp-volksschule3\/wp-content\/uploads\/2023\/11\/DSC_4655-768x539.jpg 768w, https:\/\/www.haibach-donau.at\/wp-volksschule3\/wp-content\/uploads\/2023\/11\/DSC_4655-1536x1078.jpg 1536w, https:\/\/www.haibach-donau.at\/wp-volksschule3\/wp-content\/uploads\/2023\/11\/DSC_4655-2048x1438.jpg 2048w\" sizes=\"(max-width: 1024px) 100vw, 1024px\" \/><\/a><\/figure>\n","protected":false},"excerpt":{"rendered":"<p>Um gute Schule zu verwirklichen und damit Qualit\u00e4t zu sichern, hat der Gesetzgeber dieses schulpartnerschaftliche Gremium geschaffen.Eltern und Lehrer helfen zusammen zum Wohle der ihnen anvertrauten Kinder. Es kommt zu sachbezogenen Sitzungen, aber auch zu gemeinsam gestalteten Festen und Feiern.Das Klassenforum setzt sich zusammen aus dem Klassenlehrer und den Eltern. Diese w\u00e4hlen einen Klassenelternvertreter. Das [&hellip;]<\/p>\n","protected":false},"author":1,"featured_media":0,"parent":0,"menu_order":300,"comment_status":"closed","ping_status":"closed","template":"","meta":{"footnotes":""},"_links":{"self":[{"href":"https:\/\/www.haibach-donau.at\/wp-volksschule3\/index.php?rest_route=\/wp\/v2\/pages\/99"}],"collection":[{"href":"https:\/\/www.haibach-donau.at\/wp-volksschule3\/index.php?rest_route=\/wp\/v2\/pages"}],"about":[{"href":"https:\/\/www.haibach-donau.at\/wp-volksschule3\/index.php?rest_route=\/wp\/v2\/types\/page"}],"author":[{"embeddable":true,"href":"https:\/\/www.haibach-donau.at\/wp-volksschule3\/index.php?rest_route=\/wp\/v2\/users\/1"}],"replies":[{"embeddable":true,"href":"https:\/\/www.haibach-donau.at\/wp-volksschule3\/index.php?rest_route=%2Fwp%2Fv2%2Fcomments&post=99"}],"version-history":[{"count":20,"href":"https:\/\/www.haibach-donau.at\/wp-volksschule3\/index.php?rest_route=\/wp\/v2\/pages\/99\/revisions"}],"predecessor-version":[{"id":20000,"href":"https:\/\/www.haibach-donau.at\/wp-volksschule3\/index.php?rest_route=\/wp\/v2\/pages\/99\/revisions\/20000"}],"wp:attachment":[{"href":"https:\/\/www.haibach-donau.at\/wp-volksschule3\/index.php?rest_route=%2Fwp%2Fv2%2Fmedia&parent=99"}],"curies":[{"name":"wp","href":"https:\/\/api.w.org\/{rel}","templated":true}]}}