{"id":91,"date":"2014-09-07T21:06:36","date_gmt":"2014-09-07T20:06:36","guid":{"rendered":"http:\/\/www.haibach-donau.at\/wp-volksschule3\/?page_id=91"},"modified":"2023-10-09T21:15:15","modified_gmt":"2023-10-09T20:15:15","slug":"gesunde-jause","status":"publish","type":"page","link":"https:\/\/www.haibach-donau.at\/wp-volksschule3\/?page_id=91","title":{"rendered":"Gesunde Jause"},"content":{"rendered":"<p>Seit nahezu 20 Jahren wird in jeder Klasse unserer Schule von mehreren M\u00fcttern mehrmals pro Jahr eine \u201egesunde Jause\u201c f\u00fcr die Kinder zubereitet.<br \/>\nFantastisch, welch herrliche Jausenbuffets mit Brot, Gem\u00fcse, K\u00e4se, Obst und M\u00fcsli unsere engagierten M\u00fctter zaubern. Vieles von dem, was da aufgetischt wird, stammt aus dem eigenen Garten. Der Jahreszeit entsprechend dekorieren die M\u00fctter auch die Tische sehr nett.<br \/>\nF\u00fcr uns Lehrerinnen\u00a0 ist dies eine M\u00f6glichkeit, Verhaltensweisen bei Tisch mit den Sch\u00fclern zu \u00fcben.<\/p>\n<p>Bei den Kindern findet diese Aktion gro\u00dfen Anklang: \u201eFrau Lehrerin, wann ist die n\u00e4chste gesunde Jause?\u201c<br \/>\nAber auch auf die M\u00fctter \u00fcbertr\u00e4gt sich die Freude bzw. der Appetit der Sch\u00fcler: \u201eEs ist sch\u00f6n zu sp\u00fcren, dass das, was ich herrichte, anderen so schmeckt!\u201c<br \/>\nSo manches Kind hat im Lauf der Jahre etwas gekostet und f\u00fcr sich entdeckt, was es bisher abgelehnt hatte.<\/p>\n<p>Unser Ziel ist, dass die \u201egesunde Jause\u201c im Alltag der Sch\u00fcler zu finden ist.<\/p>\n<p><a title=\"dscn2356.JPG\" href=\"http:\/\/www.haibach-donau.at\/wp-volksschule\/wp-content\/uploads\/2013\/01\/dscn2356.JPG\"><img decoding=\"async\" src=\"http:\/\/www.haibach-donau.at\/wp-volksschule\/wp-content\/uploads\/2013\/01\/dscn2356.JPG\" alt=\"dscn2356.JPG\" \/><\/a><\/p>\n","protected":false},"excerpt":{"rendered":"<p>Seit nahezu 20 Jahren wird in jeder Klasse unserer Schule von mehreren M\u00fcttern mehrmals pro Jahr eine \u201egesunde Jause\u201c f\u00fcr die Kinder zubereitet. Fantastisch, welch herrliche Jausenbuffets mit Brot, Gem\u00fcse, K\u00e4se, Obst und M\u00fcsli unsere engagierten M\u00fctter zaubern. Vieles von dem, was da aufgetischt wird, stammt aus dem eigenen Garten. Der Jahreszeit entsprechend dekorieren die [&hellip;]<\/p>\n","protected":false},"author":1,"featured_media":0,"parent":33,"menu_order":420,"comment_status":"closed","ping_status":"closed","template":"","meta":{"footnotes":""},"_links":{"self":[{"href":"https:\/\/www.haibach-donau.at\/wp-volksschule3\/index.php?rest_route=\/wp\/v2\/pages\/91"}],"collection":[{"href":"https:\/\/www.haibach-donau.at\/wp-volksschule3\/index.php?rest_route=\/wp\/v2\/pages"}],"about":[{"href":"https:\/\/www.haibach-donau.at\/wp-volksschule3\/index.php?rest_route=\/wp\/v2\/types\/page"}],"author":[{"embeddable":true,"href":"https:\/\/www.haibach-donau.at\/wp-volksschule3\/index.php?rest_route=\/wp\/v2\/users\/1"}],"replies":[{"embeddable":true,"href":"https:\/\/www.haibach-donau.at\/wp-volksschule3\/index.php?rest_route=%2Fwp%2Fv2%2Fcomments&post=91"}],"version-history":[{"count":4,"href":"https:\/\/www.haibach-donau.at\/wp-volksschule3\/index.php?rest_route=\/wp\/v2\/pages\/91\/revisions"}],"predecessor-version":[{"id":19995,"href":"https:\/\/www.haibach-donau.at\/wp-volksschule3\/index.php?rest_route=\/wp\/v2\/pages\/91\/revisions\/19995"}],"up":[{"embeddable":true,"href":"https:\/\/www.haibach-donau.at\/wp-volksschule3\/index.php?rest_route=\/wp\/v2\/pages\/33"}],"wp:attachment":[{"href":"https:\/\/www.haibach-donau.at\/wp-volksschule3\/index.php?rest_route=%2Fwp%2Fv2%2Fmedia&parent=91"}],"curies":[{"name":"wp","href":"https:\/\/api.w.org\/{rel}","templated":true}]}}