{"id":89,"date":"2014-09-07T21:05:33","date_gmt":"2014-09-07T20:05:33","guid":{"rendered":"http:\/\/www.haibach-donau.at\/wp-volksschule3\/?page_id=89"},"modified":"2016-09-14T20:00:33","modified_gmt":"2016-09-14T19:00:33","slug":"haltungsturnen","status":"publish","type":"page","link":"https:\/\/www.haibach-donau.at\/wp-volksschule3\/?page_id=89","title":{"rendered":"Haltungsturnen"},"content":{"rendered":"<p>In einer Zeit, in der unser K\u00f6rper gro\u00dfen Belastungen ausgesetzt ist, gibt es schon bei Kindern so manche Fehlhaltungen.<br \/>\nSeit \u00fcber 10 Jahren wird in \u00d6sterreich durch den Einsatz von HaltungsturnlehrerInnen der Tatsache Rechnung getragen, dass Wirbels\u00e4ulenleiden nur durch richtige Bewegung von Kindheit an vermieden, bzw. gemildert werden k\u00f6nnen.<\/p>\n<p>Ziel dieser Aktion ist es, Lehrer und Eltern auf Haltungsschw\u00e4chen der Kinder aufmerksam zu machen, den Lehrern geeignete \u00dcbungen zur Funktionsverbesserung der Wirbels\u00e4ule, die in Turnstunden ge\u00fcbt werden k\u00f6nnen, zu zeigen und behandlungsbed\u00fcrftige Kinder in \u00e4rztliche Betreuung zu f\u00fchren.<\/p>\n<p>Auch an unserer Volksschule wird in jeder Klasse 8 Wochen lang w\u00e4hrend des Turnunterrichtes mit der Haltungsturnlehrerin geturnt.<br \/>\nDie Klassenlehrer haben dadurch die M\u00f6glichkeit, sich mit dem Inhalt des Haltungsturnens vertraut zu machen.<br \/>\nViele \u00dcbungen werden auch nach der 8-w\u00f6chigen<br \/>\nBetreuung in den Turnunterricht aufgenommen.<br \/>\nFolgende Schwerpunkte werden gesetzt:<br \/>\n&#8211; Koordination \u00fcben<br \/>\n&#8211; Brustwirbels\u00e4ule, z. B. zur Vorbeugung des Rundr\u00fcckens<br \/>\n&#8211; Lendenwirbels\u00e4ule, z. B. zur Vorbeugung des Hohlkreuzes<br \/>\n&#8211; Fu\u00dfgymnastik<br \/>\n&#8211; Psychomotorik<br \/>\n&#8211; richtiges Sitzen, Stehen und Heben<\/p>\n<p>&nbsp;<\/p>\n","protected":false},"excerpt":{"rendered":"<p>In einer Zeit, in der unser K\u00f6rper gro\u00dfen Belastungen ausgesetzt ist, gibt es schon bei Kindern so manche Fehlhaltungen. Seit \u00fcber 10 Jahren wird in \u00d6sterreich durch den Einsatz von HaltungsturnlehrerInnen der Tatsache Rechnung getragen, dass Wirbels\u00e4ulenleiden nur durch richtige Bewegung von Kindheit an vermieden, bzw. gemildert werden k\u00f6nnen. Ziel dieser Aktion ist es, Lehrer [&hellip;]<\/p>\n","protected":false},"author":1,"featured_media":0,"parent":33,"menu_order":430,"comment_status":"closed","ping_status":"closed","template":"","meta":{"footnotes":""},"_links":{"self":[{"href":"https:\/\/www.haibach-donau.at\/wp-volksschule3\/index.php?rest_route=\/wp\/v2\/pages\/89"}],"collection":[{"href":"https:\/\/www.haibach-donau.at\/wp-volksschule3\/index.php?rest_route=\/wp\/v2\/pages"}],"about":[{"href":"https:\/\/www.haibach-donau.at\/wp-volksschule3\/index.php?rest_route=\/wp\/v2\/types\/page"}],"author":[{"embeddable":true,"href":"https:\/\/www.haibach-donau.at\/wp-volksschule3\/index.php?rest_route=\/wp\/v2\/users\/1"}],"replies":[{"embeddable":true,"href":"https:\/\/www.haibach-donau.at\/wp-volksschule3\/index.php?rest_route=%2Fwp%2Fv2%2Fcomments&post=89"}],"version-history":[{"count":2,"href":"https:\/\/www.haibach-donau.at\/wp-volksschule3\/index.php?rest_route=\/wp\/v2\/pages\/89\/revisions"}],"predecessor-version":[{"id":5565,"href":"https:\/\/www.haibach-donau.at\/wp-volksschule3\/index.php?rest_route=\/wp\/v2\/pages\/89\/revisions\/5565"}],"up":[{"embeddable":true,"href":"https:\/\/www.haibach-donau.at\/wp-volksschule3\/index.php?rest_route=\/wp\/v2\/pages\/33"}],"wp:attachment":[{"href":"https:\/\/www.haibach-donau.at\/wp-volksschule3\/index.php?rest_route=%2Fwp%2Fv2%2Fmedia&parent=89"}],"curies":[{"name":"wp","href":"https:\/\/api.w.org\/{rel}","templated":true}]}}