{"id":80,"date":"2014-09-07T20:46:23","date_gmt":"2014-09-07T19:46:23","guid":{"rendered":"http:\/\/www.haibach-donau.at\/wp-volksschule3\/?page_id=80"},"modified":"2014-09-07T20:46:23","modified_gmt":"2014-09-07T19:46:23","slug":"zahngesundheitserziehung","status":"publish","type":"page","link":"https:\/\/www.haibach-donau.at\/wp-volksschule3\/?page_id=80","title":{"rendered":"Zahngesundheitserziehung"},"content":{"rendered":"<h2 align=\"center\"><u><\/u><\/h2>\n<p>Gesunde Z\u00e4hne wollen wir alle \u2013 das ist auch kinderleicht zu erreichen, wenn man schon von Kindesbeinen an einige Tipps und Verhaltensweisen lernt und beherzigt.<br \/>\nDer Verein f\u00fcr prophylaktische Gesundheitsarbeit (PGA) betreut fl\u00e4chendeckend in ganz Ober\u00f6sterreich 1x j\u00e4hrlich rund 112.000 Kindergarten- und Volksschulkinder.<br \/>\nZahngesundheit wurde in der Vergangenheit oft mit erhobenem Zeigefinger gepredigt. Nur Aufkl\u00e4rung und Abschreckung bringen aber keine Motivation. Zahngesundheitserziehung hingegen, die Spa\u00df macht und motiviert, kann langfristig zu einer Bewusstseins- und Verhaltens\u00e4nderung f\u00fchren.<\/p>\n<p>Durch die Zahngesundheitserziehung an unserer Schule wird f\u00fcr die Kinder das ganze Thema positiv erfahrbar, mit allen Sinnen erlebbar und vor allem auch lustig.<br \/>\n&#8211; Sie erleben, dass Z\u00e4hneputzen auch Spa\u00df machen kann.<br \/>\n&#8211; Sie wissen, dass es Vorteile bringt, regelm\u00e4\u00dfig einen\/eine Zahnarzt\/-\u00e4rztin aufzusuchen.<br \/>\n&#8211; Sie betrachten Zahnpflege als etwas Gutes, das sie sich selbst \u201eschenken\u201c k\u00f6nnen.<br \/>\n&#8211; Sie lernen Nahrungsmittel (z. B. M\u00fcsli und Rohkost) kennen, die sie fit halten.<br \/>\n&#8211; Der Erfolg von sch\u00f6nen Z\u00e4hnen ist f\u00fcr sie t\u00e4glich sichtbar und auch sp\u00fcrbar.<\/p>\n<p><strong>Hier einige Inhalte und Themen zu den Besuchen in der Volksschule:<\/strong><br \/>\n&#8211; Grob- und Feinanatomie der Z\u00e4hne<br \/>\n&#8211; Unterscheidung von Milch- und bleibenden Z\u00e4hnen<br \/>\n&#8211; Kariesentstehung<br \/>\n&#8211; Bedeutung der Ern\u00e4hrung f\u00fcr die Zahngesundheit<br \/>\n&#8211; Gemeinsames Zubereiten des M\u00fcslis<br \/>\n&#8211; Zahnarzterlebnisse<br \/>\n&#8211; Angstabbau und Vorsorgem\u00f6glichkeit<br \/>\n&#8211; Erarbeiten der Ern\u00e4hrungspyramide<br \/>\n&#8211; Versteckte Zuckerquellen in Lebensmitteln<br \/>\n&#8211; Zubereiten einer gesunden Jause<br \/>\n&#8211; Entstehen und Vermeiden von Zahnfleischentz\u00fcndungen<br \/>\n&#8211; Verwenden von Zahnseide<\/p>\n<p>Die Kinder freuen sich immer auf die Besuche unserer Zahngesundheitserzieherin.<\/p>\n","protected":false},"excerpt":{"rendered":"<p>Gesunde Z\u00e4hne wollen wir alle \u2013 das ist auch kinderleicht zu erreichen, wenn man schon von Kindesbeinen an einige Tipps und Verhaltensweisen lernt und beherzigt. Der Verein f\u00fcr prophylaktische Gesundheitsarbeit (PGA) betreut fl\u00e4chendeckend in ganz Ober\u00f6sterreich 1x j\u00e4hrlich rund 112.000 Kindergarten- und Volksschulkinder. Zahngesundheit wurde in der Vergangenheit oft mit erhobenem Zeigefinger gepredigt. Nur Aufkl\u00e4rung [&hellip;]<\/p>\n","protected":false},"author":1,"featured_media":0,"parent":33,"menu_order":450,"comment_status":"closed","ping_status":"closed","template":"","meta":{"footnotes":""},"_links":{"self":[{"href":"https:\/\/www.haibach-donau.at\/wp-volksschule3\/index.php?rest_route=\/wp\/v2\/pages\/80"}],"collection":[{"href":"https:\/\/www.haibach-donau.at\/wp-volksschule3\/index.php?rest_route=\/wp\/v2\/pages"}],"about":[{"href":"https:\/\/www.haibach-donau.at\/wp-volksschule3\/index.php?rest_route=\/wp\/v2\/types\/page"}],"author":[{"embeddable":true,"href":"https:\/\/www.haibach-donau.at\/wp-volksschule3\/index.php?rest_route=\/wp\/v2\/users\/1"}],"replies":[{"embeddable":true,"href":"https:\/\/www.haibach-donau.at\/wp-volksschule3\/index.php?rest_route=%2Fwp%2Fv2%2Fcomments&post=80"}],"version-history":[{"count":1,"href":"https:\/\/www.haibach-donau.at\/wp-volksschule3\/index.php?rest_route=\/wp\/v2\/pages\/80\/revisions"}],"predecessor-version":[{"id":81,"href":"https:\/\/www.haibach-donau.at\/wp-volksschule3\/index.php?rest_route=\/wp\/v2\/pages\/80\/revisions\/81"}],"up":[{"embeddable":true,"href":"https:\/\/www.haibach-donau.at\/wp-volksschule3\/index.php?rest_route=\/wp\/v2\/pages\/33"}],"wp:attachment":[{"href":"https:\/\/www.haibach-donau.at\/wp-volksschule3\/index.php?rest_route=%2Fwp%2Fv2%2Fmedia&parent=80"}],"curies":[{"name":"wp","href":"https:\/\/api.w.org\/{rel}","templated":true}]}}