{"id":58,"date":"2014-09-07T20:41:00","date_gmt":"2014-09-07T19:41:00","guid":{"rendered":"http:\/\/www.haibach-donau.at\/wp-volksschule3\/?page_id=58"},"modified":"2025-02-07T18:28:40","modified_gmt":"2025-02-07T17:28:40","slug":"impressum","status":"publish","type":"page","link":"https:\/\/www.haibach-donau.at\/wp-volksschule3\/?page_id=58","title":{"rendered":"Impressum"},"content":{"rendered":"<p>F\u00fcr Texte, Inhalt und Fotos verantwortlich:<\/p>\n<p>Die Lehrerinnen der VS Haibach<\/p>\n<p>R\u00f6merstra\u00dfe 16<\/p>\n<p>4083 Haibach<\/p>\n<p>Tel.: 07279\/8215-11<\/p>\n<p>e-mail: <a href=\"mailto:s405051@schule-ooe.at\">s405051@schule-ooe.at<\/a><\/p>\n<p><strong>Gestaltung und Layout unserer Homepage:<\/strong><\/p>\n<p>Markus Augdoppler und Ralph Oberndorfer<\/p>\n","protected":false},"excerpt":{"rendered":"<p>F\u00fcr Texte, Inhalt und Fotos verantwortlich: Die Lehrerinnen der VS Haibach R\u00f6merstra\u00dfe 16 4083 Haibach Tel.: 07279\/8215-11 e-mail: s405051@schule-ooe.at Gestaltung und Layout unserer Homepage: Markus Augdoppler und Ralph Oberndorfer<\/p>\n","protected":false},"author":1,"featured_media":0,"parent":0,"menu_order":1600,"comment_status":"closed","ping_status":"closed","template":"","meta":{"footnotes":""},"_links":{"self":[{"href":"https:\/\/www.haibach-donau.at\/wp-volksschule3\/index.php?rest_route=\/wp\/v2\/pages\/58"}],"collection":[{"href":"https:\/\/www.haibach-donau.at\/wp-volksschule3\/index.php?rest_route=\/wp\/v2\/pages"}],"about":[{"href":"https:\/\/www.haibach-donau.at\/wp-volksschule3\/index.php?rest_route=\/wp\/v2\/types\/page"}],"author":[{"embeddable":true,"href":"https:\/\/www.haibach-donau.at\/wp-volksschule3\/index.php?rest_route=\/wp\/v2\/users\/1"}],"replies":[{"embeddable":true,"href":"https:\/\/www.haibach-donau.at\/wp-volksschule3\/index.php?rest_route=%2Fwp%2Fv2%2Fcomments&post=58"}],"version-history":[{"count":4,"href":"https:\/\/www.haibach-donau.at\/wp-volksschule3\/index.php?rest_route=\/wp\/v2\/pages\/58\/revisions"}],"predecessor-version":[{"id":19847,"href":"https:\/\/www.haibach-donau.at\/wp-volksschule3\/index.php?rest_route=\/wp\/v2\/pages\/58\/revisions\/19847"}],"wp:attachment":[{"href":"https:\/\/www.haibach-donau.at\/wp-volksschule3\/index.php?rest_route=%2Fwp%2Fv2%2Fmedia&parent=58"}],"curies":[{"name":"wp","href":"https:\/\/api.w.org\/{rel}","templated":true}]}}