{"id":35,"date":"2025-04-22T15:30:51","date_gmt":"2025-04-22T14:30:51","guid":{"rendered":"http:\/\/www.haibach-donau.at\/wp-volksschule3\/?page_id=35"},"modified":"2025-09-24T12:13:38","modified_gmt":"2025-09-24T11:13:38","slug":"bewegung-und-sport","status":"publish","type":"page","link":"https:\/\/www.haibach-donau.at\/wp-volksschule3\/?page_id=35","title":{"rendered":"Bewegte Schule"},"content":{"rendered":"\n<p>Wir P\u00e4dagoginnen legen Wert auf vielf\u00e4ltige Bewegungsangebote an unserer Schule. Seit einigen Jahren f\u00fchren wir das G\u00fctesiegel &#8222;Bewegte Schule&#8220;. Die Kinder verbringen die Jausenpause bei fast jedem Wetter im Schulhof. Wir bem\u00fchen uns auch den Unterricht bewegungsorientiert zu gestalten.<\/p>\n\n\n\n<p><\/p>\n","protected":false},"excerpt":{"rendered":"<p>Wir P\u00e4dagoginnen legen Wert auf vielf\u00e4ltige Bewegungsangebote an unserer Schule. Seit einigen Jahren f\u00fchren wir das G\u00fctesiegel &#8222;Bewegte Schule&#8220;. Die Kinder verbringen die Jausenpause bei fast jedem Wetter im Schulhof. Wir bem\u00fchen uns auch den Unterricht bewegungsorientiert zu gestalten.<\/p>\n","protected":false},"author":1,"featured_media":0,"parent":33,"menu_order":210,"comment_status":"open","ping_status":"open","template":"","meta":{"footnotes":""},"_links":{"self":[{"href":"https:\/\/www.haibach-donau.at\/wp-volksschule3\/index.php?rest_route=\/wp\/v2\/pages\/35"}],"collection":[{"href":"https:\/\/www.haibach-donau.at\/wp-volksschule3\/index.php?rest_route=\/wp\/v2\/pages"}],"about":[{"href":"https:\/\/www.haibach-donau.at\/wp-volksschule3\/index.php?rest_route=\/wp\/v2\/types\/page"}],"author":[{"embeddable":true,"href":"https:\/\/www.haibach-donau.at\/wp-volksschule3\/index.php?rest_route=\/wp\/v2\/users\/1"}],"replies":[{"embeddable":true,"href":"https:\/\/www.haibach-donau.at\/wp-volksschule3\/index.php?rest_route=%2Fwp%2Fv2%2Fcomments&post=35"}],"version-history":[{"count":5,"href":"https:\/\/www.haibach-donau.at\/wp-volksschule3\/index.php?rest_route=\/wp\/v2\/pages\/35\/revisions"}],"predecessor-version":[{"id":20209,"href":"https:\/\/www.haibach-donau.at\/wp-volksschule3\/index.php?rest_route=\/wp\/v2\/pages\/35\/revisions\/20209"}],"up":[{"embeddable":true,"href":"https:\/\/www.haibach-donau.at\/wp-volksschule3\/index.php?rest_route=\/wp\/v2\/pages\/33"}],"wp:attachment":[{"href":"https:\/\/www.haibach-donau.at\/wp-volksschule3\/index.php?rest_route=%2Fwp%2Fv2%2Fmedia&parent=35"}],"curies":[{"name":"wp","href":"https:\/\/api.w.org\/{rel}","templated":true}]}}